

{"id":3666,"date":"2023-01-07T14:51:57","date_gmt":"2023-01-07T11:21:57","guid":{"rendered":"https:\/\/zstone.ch\/?page_id=3666"},"modified":"2023-02-22T15:27:56","modified_gmt":"2023-02-22T11:57:56","slug":"societe","status":"publish","type":"page","link":"https:\/\/zstone.ch\/fr\/societe\/","title":{"rendered":"COMPANY_fr"},"content":{"rendered":"\t\t<div data-elementor-type=\"wp-page\" data-elementor-id=\"3666\" class=\"elementor elementor-3666 elementor-25\">\n\t\t\t\t\t\t\t\t\t<section class=\"elementor-section elementor-top-section elementor-element elementor-element-210844c elementor-section-full_width elementor-section-height-default elementor-section-height-default\" data-id=\"210844c\" data-element_type=\"section\">\n\t\t\t\t\t\t<div class=\"elementor-container elementor-column-gap-no\">\n\t\t\t\t\t<div class=\"elementor-column elementor-col-100 elementor-top-column elementor-element elementor-element-0866c66\" data-id=\"0866c66\" data-element_type=\"column\">\n\t\t\t<div class=\"elementor-widget-wrap elementor-element-populated\">\n\t\t\t\t\t\t\t\t<div class=\"elementor-element elementor-element-1afdc85 elementor-widget elementor-widget-image\" data-id=\"1afdc85\" data-element_type=\"widget\" data-widget_type=\"image.default\">\n\t\t\t\t<div class=\"elementor-widget-container\">\n\t\t\t<style>\/*! elementor - v3.18.0 - 20-12-2023 *\/\n.elementor-widget-image{text-align:center}.elementor-widget-image a{display:inline-block}.elementor-widget-image a img[src$=\".svg\"]{width:48px}.elementor-widget-image img{vertical-align:middle;display:inline-block}<\/style>\t\t\t\t\t\t\t\t\t\t\t\t<img fetchpriority=\"high\" decoding=\"async\" width=\"800\" height=\"534\" src=\"https:\/\/zstone.ch\/wp-content\/uploads\/2023\/02\/company-page-picture-low-1024x683.jpeg\" class=\"attachment-large size-large wp-image-6393\" alt=\"\" srcset=\"https:\/\/zstone.ch\/wp-content\/uploads\/2023\/02\/company-page-picture-low-1024x683.jpeg 1024w, https:\/\/zstone.ch\/wp-content\/uploads\/2023\/02\/company-page-picture-low-600x400.jpeg 600w, https:\/\/zstone.ch\/wp-content\/uploads\/2023\/02\/company-page-picture-low-300x200.jpeg 300w, https:\/\/zstone.ch\/wp-content\/uploads\/2023\/02\/company-page-picture-low-768x512.jpeg 768w, https:\/\/zstone.ch\/wp-content\/uploads\/2023\/02\/company-page-picture-low.jpeg 1300w\" sizes=\"(max-width: 800px) 100vw, 800px\" \/>\t\t\t\t\t\t\t\t\t\t\t\t\t\t\t<\/div>\n\t\t\t\t<\/div>\n\t\t\t\t\t<\/div>\n\t\t<\/div>\n\t\t\t\t\t\t\t<\/div>\n\t\t<\/section>\n\t\t\t\t<section class=\"elementor-section elementor-top-section elementor-element elementor-element-0ac2018 elementor-section-full_width elementor-section-height-default elementor-section-height-default\" data-id=\"0ac2018\" data-element_type=\"section\">\n\t\t\t\t\t\t<div class=\"elementor-container elementor-column-gap-default\">\n\t\t\t\t\t<div class=\"elementor-column elementor-col-100 elementor-top-column elementor-element elementor-element-05ec3c8\" data-id=\"05ec3c8\" data-element_type=\"column\">\n\t\t\t<div class=\"elementor-widget-wrap elementor-element-populated\">\n\t\t\t\t\t\t\t\t<div class=\"elementor-element elementor-element-5af8617 elementor-widget__width-auto elementor-widget elementor-widget-heading\" data-id=\"5af8617\" data-element_type=\"widget\" data-widget_type=\"heading.default\">\n\t\t\t\t<div class=\"elementor-widget-container\">\n\t\t\t<style>\/*! elementor - v3.18.0 - 20-12-2023 *\/\n.elementor-heading-title{padding:0;margin:0;line-height:1}.elementor-widget-heading .elementor-heading-title[class*=elementor-size-]>a{color:inherit;font-size:inherit;line-height:inherit}.elementor-widget-heading .elementor-heading-title.elementor-size-small{font-size:15px}.elementor-widget-heading .elementor-heading-title.elementor-size-medium{font-size:19px}.elementor-widget-heading .elementor-heading-title.elementor-size-large{font-size:29px}.elementor-widget-heading .elementor-heading-title.elementor-size-xl{font-size:39px}.elementor-widget-heading .elementor-heading-title.elementor-size-xxl{font-size:59px}<\/style><h2 class=\"elementor-heading-title elementor-size-default\">Soci\u00e9t\u00e9<\/h2>\t\t<\/div>\n\t\t\t\t<\/div>\n\t\t\t\t\t<\/div>\n\t\t<\/div>\n\t\t\t\t\t\t\t<\/div>\n\t\t<\/section>\n\t\t\t\t<section class=\"elementor-section elementor-top-section elementor-element elementor-element-a721739 elementor-section-full_width elementor-section-height-default elementor-section-height-default\" data-id=\"a721739\" data-element_type=\"section\">\n\t\t\t\t\t\t<div class=\"elementor-container elementor-column-gap-default\">\n\t\t\t\t\t<div class=\"elementor-column elementor-col-100 elementor-top-column elementor-element elementor-element-b89cfd3\" data-id=\"b89cfd3\" data-element_type=\"column\">\n\t\t\t<div class=\"elementor-widget-wrap elementor-element-populated\">\n\t\t\t\t\t\t\t\t<div class=\"elementor-element elementor-element-13dc115 elementor-widget elementor-widget-text-editor\" data-id=\"13dc115\" data-element_type=\"widget\" data-widget_type=\"text-editor.default\">\n\t\t\t\t<div class=\"elementor-widget-container\">\n\t\t\t<style>\/*! elementor - v3.18.0 - 20-12-2023 *\/\n.elementor-widget-text-editor.elementor-drop-cap-view-stacked .elementor-drop-cap{background-color:#69727d;color:#fff}.elementor-widget-text-editor.elementor-drop-cap-view-framed .elementor-drop-cap{color:#69727d;border:3px solid;background-color:transparent}.elementor-widget-text-editor:not(.elementor-drop-cap-view-default) .elementor-drop-cap{margin-top:8px}.elementor-widget-text-editor:not(.elementor-drop-cap-view-default) .elementor-drop-cap-letter{width:1em;height:1em}.elementor-widget-text-editor .elementor-drop-cap{float:left;text-align:center;line-height:1;font-size:50px}.elementor-widget-text-editor .elementor-drop-cap-letter{display:inline-block}<\/style>\t\t\t\t<p align=\"left\"><span style=\"font-family: Calibri, serif;\"><span style=\"font-size: medium;\"><span lang=\"fr-FR\">Apr\u00e9s plus de 15 ans active avec succ\u00e9s en Europe, nous avons d\u00e9cid\u00e9 de cr\u00e9er une nouvelle entit\u00e9 \u00e0 Muscat, Sultanat d\u2019Oman. Ici, nous avons trouv\u00e9 les conditions id\u00e9ales pour agrandir nos activit\u00e9s. La situation g\u00e9ographique id\u00e9ale d\u2019Oman, la beaut\u00e9 du pays et ses habitants charmants et ouverts nous permettent de servir nos clients qui appr\u00e9cient notre travail et la qualit\u00e9 de nos pierres naturelles.<\/span><\/span><\/span><\/p><p align=\"left\"><span style=\"font-family: Calibri, serif;\"><span style=\"font-size: medium;\"><span lang=\"fr-FR\">L\u2019utilisation de machines de nouvelle g\u00e9n\u00e9ration et de haute technologie nous permet de r\u00e9pondre\u00a0\u00e0 toutes les exigences avec une qualit\u00e9 et une pr\u00e9cision maximale. La maitrise de l\u2019ensemble de la chaine de production nous permet d\u2019offrir la meilleure solution en termes de qualit\u00e9 de travail, rapidit\u00e9 d\u2019ex\u00e9cution et de respect des d\u00e9lais \u2013 m\u00eame pour les demandes les plus complexes. Nos clients profitent de notre exp\u00e9rience, la recherche constante pour le meilleur r\u00e9sultat possible et notre avis honn\u00eate et directe \u00e0 propos des projets et du choix de mat\u00e9riel qui nous sont pr\u00e9sent\u00e9s.<\/span><\/span><\/span><\/p><p align=\"left\"><span style=\"font-family: Calibri, serif;\"><span style=\"font-size: medium;\"><span lang=\"fr-FR\">Merci \u00e0 nos partenaires internationaux nous sommes toujours au courant des derni\u00e8res tendances et \u00e9volutions dans le secteur de la pierre naturelle.<\/span><\/span><\/span><\/p>\t\t\t\t\t\t<\/div>\n\t\t\t\t<\/div>\n\t\t\t\t\t<\/div>\n\t\t<\/div>\n\t\t\t\t\t\t\t<\/div>\n\t\t<\/section>\n\t\t\t\t\t\t\t<\/div>\n\t\t","protected":false},"excerpt":{"rendered":"<p>Soci\u00e9t\u00e9 Apr\u00e9s plus de 15 ans active avec succ\u00e9s en Europe, nous avons d\u00e9cid\u00e9 de cr\u00e9er une nouvelle entit\u00e9 \u00e0 Muscat, Sultanat d\u2019Oman. Ici, nous avons trouv\u00e9 les conditions id\u00e9ales pour agrandir nos activit\u00e9s. La situation g\u00e9ographique id\u00e9ale d\u2019Oman, la beaut\u00e9 du pays et ses habitants charmants et ouverts nous permettent de servir nos clients [&hellip;]<\/p>\n","protected":false},"author":2,"featured_media":0,"parent":0,"menu_order":0,"comment_status":"closed","ping_status":"closed","template":"","meta":{"footnotes":""},"class_list":["post-3666","page","type-page","status-publish","hentry"],"_links":{"self":[{"href":"https:\/\/zstone.ch\/fr\/wp-json\/wp\/v2\/pages\/3666","targetHints":{"allow":["GET"]}}],"collection":[{"href":"https:\/\/zstone.ch\/fr\/wp-json\/wp\/v2\/pages"}],"about":[{"href":"https:\/\/zstone.ch\/fr\/wp-json\/wp\/v2\/types\/page"}],"author":[{"embeddable":true,"href":"https:\/\/zstone.ch\/fr\/wp-json\/wp\/v2\/users\/2"}],"replies":[{"embeddable":true,"href":"https:\/\/zstone.ch\/fr\/wp-json\/wp\/v2\/comments?post=3666"}],"version-history":[{"count":14,"href":"https:\/\/zstone.ch\/fr\/wp-json\/wp\/v2\/pages\/3666\/revisions"}],"predecessor-version":[{"id":6399,"href":"https:\/\/zstone.ch\/fr\/wp-json\/wp\/v2\/pages\/3666\/revisions\/6399"}],"wp:attachment":[{"href":"https:\/\/zstone.ch\/fr\/wp-json\/wp\/v2\/media?parent=3666"}],"curies":[{"name":"wp","href":"https:\/\/api.w.org\/{rel}","templated":true}]}}